{"id":4928,"date":"2021-04-30T10:03:48","date_gmt":"2021-04-30T14:03:48","guid":{"rendered":"https:\/\/kbmediacorp.ca\/?page_id=4928"},"modified":"2025-11-17T13:41:36","modified_gmt":"2025-11-17T18:41:36","slug":"sites-web","status":"publish","type":"page","link":"https:\/\/kbmediacorp.ca\/fr\/sites-web\/","title":{"rendered":"Sites Web"},"content":{"rendered":"<div id=\"cs-content\" class=\"cs-content\"><\/div>\n","protected":false},"excerpt":{"rendered":"Notre \u00e9ventail Sites Web On pourrait dire de nous que nous sommes des experts en mati\u00e8re de portes et fen\u00eatres; si tel est le cas, nous sommes aussi des d\u00e9corateurs de vitrines. View All PrevNextVotre site Web est votre fen&ecirc;tre We provided them with a revitalized and rejuvenated visual identity that became the centrepiece of their new signs and website.Assurez-vous &#8230; <div><a href=\"https:\/\/kbmediacorp.ca\/fr\/sites-web\/\" class=\"more-link\">Read More<\/a><\/div>","protected":false},"author":1,"featured_media":0,"parent":0,"menu_order":7,"comment_status":"closed","ping_status":"closed","template":"template-blank-4.php","meta":{"_acf_changed":false,"_seopress_robots_primary_cat":"","_seopress_titles_title":"Conception de sites web, E-Commerce, D\u00e9veloppement de sites \u00e0 Ottawa | KB Media Corp","_seopress_titles_desc":"Vous cherchez des services de conception de site web, e-commerce ou d\u00e9veloppement de site \u00e0 Ottawa ? KB Media a ce qu&#039;il vous faut. Communiquez avec nous pour commencer !","_seopress_robots_index":"","footnotes":""},"class_list":["post-4928","page","type-page","status-publish","hentry","no-post-thumbnail"],"acf":[],"_links":{"self":[{"href":"https:\/\/kbmediacorp.ca\/fr\/wp-json\/wp\/v2\/pages\/4928","targetHints":{"allow":["GET"]}}],"collection":[{"href":"https:\/\/kbmediacorp.ca\/fr\/wp-json\/wp\/v2\/pages"}],"about":[{"href":"https:\/\/kbmediacorp.ca\/fr\/wp-json\/wp\/v2\/types\/page"}],"author":[{"embeddable":true,"href":"https:\/\/kbmediacorp.ca\/fr\/wp-json\/wp\/v2\/users\/1"}],"replies":[{"embeddable":true,"href":"https:\/\/kbmediacorp.ca\/fr\/wp-json\/wp\/v2\/comments?post=4928"}],"version-history":[{"count":12,"href":"https:\/\/kbmediacorp.ca\/fr\/wp-json\/wp\/v2\/pages\/4928\/revisions"}],"predecessor-version":[{"id":9424,"href":"https:\/\/kbmediacorp.ca\/fr\/wp-json\/wp\/v2\/pages\/4928\/revisions\/9424"}],"wp:attachment":[{"href":"https:\/\/kbmediacorp.ca\/fr\/wp-json\/wp\/v2\/media?parent=4928"}],"curies":[{"name":"wp","href":"https:\/\/api.w.org\/{rel}","templated":true}]}}