{"id":4942,"date":"2020-10-28T14:27:55","date_gmt":"2020-10-28T18:27:08","guid":{"rendered":"https:\/\/kbmediacorp.ca\/nos-realisations\/multimedia-motion\/"},"modified":"2024-07-31T13:04:13","modified_gmt":"2024-07-31T17:04:13","slug":"multimedia-motion","status":"publish","type":"page","link":"https:\/\/kbmediacorp.ca\/fr\/multimedia-motion\/","title":{"rendered":"Multim\u00e9dia et graphiques anim\u00e9s"},"content":{"rendered":"<div id=\"cs-content\" class=\"cs-content\"><\/div>\n","protected":false},"excerpt":{"rendered":"Notre \u00e9ventail Multim\u00e9dia et graphiques anim\u00e9s La premi\u00e8re \u00e9tape est d\u2019attiser votre auditoire: une marque qui s\u2019anime \u00e0 un rythme parfait. View All PrevNextNous cr\u00e9ons des sensations We provided them with a revitalized and rejuvenated visual identity that became the centrepiece of their new signs and website.Animation cadr\u00e9e. Mouvement capt\u00e9. Bien ancr\u00e9 dans le temps, pourtant toujours diffus\u00e9 en direct &#8230; <div><a href=\"https:\/\/kbmediacorp.ca\/fr\/multimedia-motion\/\" class=\"more-link\">Read More<\/a><\/div>","protected":false},"author":1,"featured_media":0,"parent":0,"menu_order":10,"comment_status":"closed","ping_status":"closed","template":"template-blank-4.php","meta":{"_acf_changed":false,"_seopress_robots_primary_cat":"","_seopress_titles_title":"Multim\u00e9dia, vid\u00e9o, graphique anim\u00e9e Ottawa | KB Media","_seopress_titles_desc":"D\u00e9couvrez nos solutions innovantes en multim\u00e9dia et animation \u00e0 KB Media. Mettez en valeur votre marque avec des visuels  et des animations attrayantes. Contactez nous !","_seopress_robots_index":"","footnotes":""},"class_list":["post-4942","page","type-page","status-publish","hentry","no-post-thumbnail"],"acf":[],"_links":{"self":[{"href":"https:\/\/kbmediacorp.ca\/fr\/wp-json\/wp\/v2\/pages\/4942","targetHints":{"allow":["GET"]}}],"collection":[{"href":"https:\/\/kbmediacorp.ca\/fr\/wp-json\/wp\/v2\/pages"}],"about":[{"href":"https:\/\/kbmediacorp.ca\/fr\/wp-json\/wp\/v2\/types\/page"}],"author":[{"embeddable":true,"href":"https:\/\/kbmediacorp.ca\/fr\/wp-json\/wp\/v2\/users\/1"}],"replies":[{"embeddable":true,"href":"https:\/\/kbmediacorp.ca\/fr\/wp-json\/wp\/v2\/comments?post=4942"}],"version-history":[{"count":9,"href":"https:\/\/kbmediacorp.ca\/fr\/wp-json\/wp\/v2\/pages\/4942\/revisions"}],"predecessor-version":[{"id":8799,"href":"https:\/\/kbmediacorp.ca\/fr\/wp-json\/wp\/v2\/pages\/4942\/revisions\/8799"}],"wp:attachment":[{"href":"https:\/\/kbmediacorp.ca\/fr\/wp-json\/wp\/v2\/media?parent=4942"}],"curies":[{"name":"wp","href":"https:\/\/api.w.org\/{rel}","templated":true}]}}