{"id":4943,"date":"2021-04-30T12:52:24","date_gmt":"2021-04-30T16:52:24","guid":{"rendered":"https:\/\/kbmediacorp.ca\/?page_id=4943"},"modified":"2025-02-27T17:29:47","modified_gmt":"2025-02-27T22:29:47","slug":"image-de-marque-et-conception","status":"publish","type":"page","link":"https:\/\/kbmediacorp.ca\/fr\/image-de-marque-et-conception\/","title":{"rendered":"Image de marque et conception"},"content":{"rendered":"<div id=\"cs-content\" class=\"cs-content\"><\/div>\n","protected":false},"excerpt":{"rendered":"Notre \u00e9ventail Image de marque et conception Au-del\u00e0 de votre image de marque et de votre essence : votre nature m\u00eame View All PrevNextQue votre premi\u00e8re expression produise une impression durable We provided them with a revitalized and rejuvenated visual identity that became the centrepiece of their new signs and website.Votre nom et votre logo v\u00e9hiculent un message initial, une &#8230; <div><a href=\"https:\/\/kbmediacorp.ca\/fr\/image-de-marque-et-conception\/\" class=\"more-link\">Read More<\/a><\/div>","protected":false},"author":1,"featured_media":0,"parent":0,"menu_order":5,"comment_status":"closed","ping_status":"closed","template":"template-blank-4.php","meta":{"_acf_changed":false,"_seopress_robots_primary_cat":"","_seopress_titles_title":"Conception de logo et d'image de marque Ottawa | KB Media Corp","_seopress_titles_desc":"Vous cherchez un service professionnel de conception de logo et d'image de marque \u00e0 Ottawa ? Consultez KB Media pour des solutions  expertes qui se d\u00e9marquent.","_seopress_robots_index":"","footnotes":""},"class_list":["post-4943","page","type-page","status-publish","hentry","no-post-thumbnail"],"acf":[],"_links":{"self":[{"href":"https:\/\/kbmediacorp.ca\/fr\/wp-json\/wp\/v2\/pages\/4943","targetHints":{"allow":["GET"]}}],"collection":[{"href":"https:\/\/kbmediacorp.ca\/fr\/wp-json\/wp\/v2\/pages"}],"about":[{"href":"https:\/\/kbmediacorp.ca\/fr\/wp-json\/wp\/v2\/types\/page"}],"author":[{"embeddable":true,"href":"https:\/\/kbmediacorp.ca\/fr\/wp-json\/wp\/v2\/users\/1"}],"replies":[{"embeddable":true,"href":"https:\/\/kbmediacorp.ca\/fr\/wp-json\/wp\/v2\/comments?post=4943"}],"version-history":[{"count":10,"href":"https:\/\/kbmediacorp.ca\/fr\/wp-json\/wp\/v2\/pages\/4943\/revisions"}],"predecessor-version":[{"id":8811,"href":"https:\/\/kbmediacorp.ca\/fr\/wp-json\/wp\/v2\/pages\/4943\/revisions\/8811"}],"wp:attachment":[{"href":"https:\/\/kbmediacorp.ca\/fr\/wp-json\/wp\/v2\/media?parent=4943"}],"curies":[{"name":"wp","href":"https:\/\/api.w.org\/{rel}","templated":true}]}}