{"id":4945,"date":"2021-04-30T12:53:30","date_gmt":"2021-04-30T16:53:30","guid":{"rendered":"https:\/\/kbmediacorp.ca\/?page_id=4945"},"modified":"2025-10-15T10:55:13","modified_gmt":"2025-10-15T14:55:13","slug":"communication-et-creation-de-contenu-textuel","status":"publish","type":"page","link":"https:\/\/kbmediacorp.ca\/fr\/communication-et-creation-de-contenu-textuel\/","title":{"rendered":"Communication et cr\u00e9ation de contenu textuel"},"content":{"rendered":"<div id=\"cs-content\" class=\"cs-content\"><\/div>\n","protected":false},"excerpt":{"rendered":"Notre \u00e9ventail Communication et cr\u00e9ation de contenu textuel Parce que les mots g\u00e9n\u00e8rent des milliers d\u2019images. View All PrevNextNous nous occupons de tout We provided them with a revitalized and rejuvenated visual identity that became the centrepiece of their new signs and website.Le message s&rsquo;av&egrave;re certes, ici, la pierre angulaire, mais ne sous-estimons jamais les canaux, les foyers de convergence &#8230; <div><a href=\"https:\/\/kbmediacorp.ca\/fr\/communication-et-creation-de-contenu-textuel\/\" class=\"more-link\">Read More<\/a><\/div>","protected":false},"author":1,"featured_media":0,"parent":0,"menu_order":9,"comment_status":"closed","ping_status":"closed","template":"template-blank-4.php","meta":{"_acf_changed":false,"_seopress_robots_primary_cat":"","_seopress_titles_title":"Cr\u00e9ation de contenu textuel et communication Ottawa | KB Media","_seopress_titles_desc":"Vous cherchez des services exceptionnels de r\u00e9daction, cr\u00e9ation de contenu et communication \u00e0 Ottawa ? Ne cherchez pas plus loin. Communiquez avec nous ! ","_seopress_robots_index":"","footnotes":""},"class_list":["post-4945","page","type-page","status-publish","hentry","no-post-thumbnail"],"acf":[],"_links":{"self":[{"href":"https:\/\/kbmediacorp.ca\/fr\/wp-json\/wp\/v2\/pages\/4945","targetHints":{"allow":["GET"]}}],"collection":[{"href":"https:\/\/kbmediacorp.ca\/fr\/wp-json\/wp\/v2\/pages"}],"about":[{"href":"https:\/\/kbmediacorp.ca\/fr\/wp-json\/wp\/v2\/types\/page"}],"author":[{"embeddable":true,"href":"https:\/\/kbmediacorp.ca\/fr\/wp-json\/wp\/v2\/users\/1"}],"replies":[{"embeddable":true,"href":"https:\/\/kbmediacorp.ca\/fr\/wp-json\/wp\/v2\/comments?post=4945"}],"version-history":[{"count":9,"href":"https:\/\/kbmediacorp.ca\/fr\/wp-json\/wp\/v2\/pages\/4945\/revisions"}],"predecessor-version":[{"id":9409,"href":"https:\/\/kbmediacorp.ca\/fr\/wp-json\/wp\/v2\/pages\/4945\/revisions\/9409"}],"wp:attachment":[{"href":"https:\/\/kbmediacorp.ca\/fr\/wp-json\/wp\/v2\/media?parent=4945"}],"curies":[{"name":"wp","href":"https:\/\/api.w.org\/{rel}","templated":true}]}}