{"id":4947,"date":"2021-04-30T12:53:47","date_gmt":"2021-04-30T16:53:47","guid":{"rendered":"https:\/\/kbmediacorp.ca\/?page_id=4947"},"modified":"2025-10-15T11:01:51","modified_gmt":"2025-10-15T15:01:51","slug":"marketing-numerique","status":"publish","type":"page","link":"https:\/\/kbmediacorp.ca\/fr\/marketing-numerique\/","title":{"rendered":"Marketing num\u00e9rique"},"content":{"rendered":"<div id=\"cs-content\" class=\"cs-content\"><\/div>\n","protected":false},"excerpt":{"rendered":"Notre \u00e9ventail Marketing num\u00e9rique Votre acc\u00e8s au monde et votre pr\u00e9sence au sein du monde et aupr\u00e8s de votre client\u00e8le, m\u00eame en marge de vos heures d\u2019ouverture. Mettons-le \u00e0 votre profit. View All PrevNextWe provided them with a revitalized and rejuvenated visual identity that became the centrepiece of their new signs and website.Relier tous les aspects de votre entreprise Nous &#8230; <div><a href=\"https:\/\/kbmediacorp.ca\/fr\/marketing-numerique\/\" class=\"more-link\">Read More<\/a><\/div>","protected":false},"author":1,"featured_media":0,"parent":0,"menu_order":3,"comment_status":"closed","ping_status":"closed","template":"template-blank-4.php","meta":{"_acf_changed":false,"_seopress_robots_primary_cat":"","_seopress_titles_title":"Services de marketing num\u00e9rique Ottawa | KB Media Corp","_seopress_titles_desc":"KB Media Corp offre des services professionnels de marketing num\u00e9rique \u00e0 Ottawa. Nos experts fournit des solutions ax\u00e9es sur les r\u00e9sultats pour cro\u00eetre votre entreprise.","_seopress_robots_index":"","footnotes":""},"class_list":["post-4947","page","type-page","status-publish","hentry","no-post-thumbnail"],"acf":[],"_links":{"self":[{"href":"https:\/\/kbmediacorp.ca\/fr\/wp-json\/wp\/v2\/pages\/4947","targetHints":{"allow":["GET"]}}],"collection":[{"href":"https:\/\/kbmediacorp.ca\/fr\/wp-json\/wp\/v2\/pages"}],"about":[{"href":"https:\/\/kbmediacorp.ca\/fr\/wp-json\/wp\/v2\/types\/page"}],"author":[{"embeddable":true,"href":"https:\/\/kbmediacorp.ca\/fr\/wp-json\/wp\/v2\/users\/1"}],"replies":[{"embeddable":true,"href":"https:\/\/kbmediacorp.ca\/fr\/wp-json\/wp\/v2\/comments?post=4947"}],"version-history":[{"count":8,"href":"https:\/\/kbmediacorp.ca\/fr\/wp-json\/wp\/v2\/pages\/4947\/revisions"}],"predecessor-version":[{"id":9410,"href":"https:\/\/kbmediacorp.ca\/fr\/wp-json\/wp\/v2\/pages\/4947\/revisions\/9410"}],"wp:attachment":[{"href":"https:\/\/kbmediacorp.ca\/fr\/wp-json\/wp\/v2\/media?parent=4947"}],"curies":[{"name":"wp","href":"https:\/\/api.w.org\/{rel}","templated":true}]}}