{"id":4949,"date":"2021-04-30T12:54:17","date_gmt":"2021-04-30T16:54:17","guid":{"rendered":"https:\/\/kbmediacorp.ca\/?page_id=4949"},"modified":"2025-10-15T10:43:57","modified_gmt":"2025-10-15T14:43:57","slug":"panneaux-et-habillage-de-vehicules","status":"publish","type":"page","link":"https:\/\/kbmediacorp.ca\/fr\/panneaux-et-habillage-de-vehicules\/","title":{"rendered":"Panneaux et habillage de v\u00e9hicules"},"content":{"rendered":"<div id=\"cs-content\" class=\"cs-content\"><\/div>\n","protected":false},"excerpt":{"rendered":"Notre \u00e9ventail Panneaux et habillage de v\u00e9hicules Faites partie du paysage o\u00f9 que vous alliez. Sans \u00e9quivoque. \u00c9tablissez votre territoire We provided them with a revitalized and rejuvenated visual identity that became the centrepiece of their new signs and website.Vous m&eacute;ritez de r&eacute;colter ce qui vous revient. Nous d&eacute;velopperons, concevrons et cr&eacute;erons selon les endroits o&ugrave; vous devez &ecirc;tre mis &#8230; <div><a href=\"https:\/\/kbmediacorp.ca\/fr\/panneaux-et-habillage-de-vehicules\/\" class=\"more-link\">Read More<\/a><\/div>","protected":false},"author":1,"featured_media":0,"parent":0,"menu_order":4,"comment_status":"closed","ping_status":"closed","template":"template-blank-4.php","meta":{"_acf_changed":false,"_seopress_robots_primary_cat":"","_seopress_titles_title":"Panneaux et habillage de v\u00e9hicule Ottawa | KB Media Corp","_seopress_titles_desc":"Transformez votre v\u00e9hicule en panneau d&#039;affichage mobile gr\u00e2ce \u00e0 nos services professionnels d&#039;habillage de v\u00e9hicules \u00e0 Ottawa. D\u00e9marquez-vous sur la route .","_seopress_robots_index":"","footnotes":""},"class_list":["post-4949","page","type-page","status-publish","hentry","no-post-thumbnail"],"acf":[],"_links":{"self":[{"href":"https:\/\/kbmediacorp.ca\/fr\/wp-json\/wp\/v2\/pages\/4949","targetHints":{"allow":["GET"]}}],"collection":[{"href":"https:\/\/kbmediacorp.ca\/fr\/wp-json\/wp\/v2\/pages"}],"about":[{"href":"https:\/\/kbmediacorp.ca\/fr\/wp-json\/wp\/v2\/types\/page"}],"author":[{"embeddable":true,"href":"https:\/\/kbmediacorp.ca\/fr\/wp-json\/wp\/v2\/users\/1"}],"replies":[{"embeddable":true,"href":"https:\/\/kbmediacorp.ca\/fr\/wp-json\/wp\/v2\/comments?post=4949"}],"version-history":[{"count":17,"href":"https:\/\/kbmediacorp.ca\/fr\/wp-json\/wp\/v2\/pages\/4949\/revisions"}],"predecessor-version":[{"id":9407,"href":"https:\/\/kbmediacorp.ca\/fr\/wp-json\/wp\/v2\/pages\/4949\/revisions\/9407"}],"wp:attachment":[{"href":"https:\/\/kbmediacorp.ca\/fr\/wp-json\/wp\/v2\/media?parent=4949"}],"curies":[{"name":"wp","href":"https:\/\/api.w.org\/{rel}","templated":true}]}}