{"id":4951,"date":"2021-04-30T12:54:38","date_gmt":"2021-04-30T16:54:38","guid":{"rendered":"https:\/\/kbmediacorp.ca\/?page_id=4951"},"modified":"2025-03-06T09:30:44","modified_gmt":"2025-03-06T14:30:44","slug":"produits-imprimes","status":"publish","type":"page","link":"https:\/\/kbmediacorp.ca\/fr\/produits-imprimes\/","title":{"rendered":"Produits imprim\u00e9s"},"content":{"rendered":"<div id=\"cs-content\" class=\"cs-content\"><\/div>\n","protected":false},"excerpt":{"rendered":"Notre \u00e9ventail Produits imprim\u00e9s Parce que le vrai monde a encore besoin d\u2019\u00eatre touch\u00e9. View All PrevNextnous sommes des artistes g\u00e9om\u00e8tres, des \u00e9valuateurs d\u2019espace et des constructeurs de phares We provided them with a revitalized and rejuvenated visual identity that became the centrepiece of their new signs and website.Dans cet univers o\u00f9 tout semble num\u00e9riquement accessible, les outils imprim\u00e9s qui &#8230; <div><a href=\"https:\/\/kbmediacorp.ca\/fr\/produits-imprimes\/\" class=\"more-link\">Read More<\/a><\/div>","protected":false},"author":1,"featured_media":0,"parent":0,"menu_order":6,"comment_status":"closed","ping_status":"closed","template":"template-blank-4.php","meta":{"_acf_changed":false,"_seopress_robots_primary_cat":"","_seopress_titles_title":"Services d&#039;impression num\u00e9rique Ottawa | KB Media Corp","_seopress_titles_desc":"Obtenez des services d&#039;impression num\u00e9rique de qualit\u00e9  \u00e0 Ottawa. Choisissez parmi une vaste gamme d&#039;options pour r\u00e9pondre aux besoins de votre entreprise.","_seopress_robots_index":"","footnotes":""},"class_list":["post-4951","page","type-page","status-publish","hentry","no-post-thumbnail"],"acf":[],"_links":{"self":[{"href":"https:\/\/kbmediacorp.ca\/fr\/wp-json\/wp\/v2\/pages\/4951","targetHints":{"allow":["GET"]}}],"collection":[{"href":"https:\/\/kbmediacorp.ca\/fr\/wp-json\/wp\/v2\/pages"}],"about":[{"href":"https:\/\/kbmediacorp.ca\/fr\/wp-json\/wp\/v2\/types\/page"}],"author":[{"embeddable":true,"href":"https:\/\/kbmediacorp.ca\/fr\/wp-json\/wp\/v2\/users\/1"}],"replies":[{"embeddable":true,"href":"https:\/\/kbmediacorp.ca\/fr\/wp-json\/wp\/v2\/comments?post=4951"}],"version-history":[{"count":8,"href":"https:\/\/kbmediacorp.ca\/fr\/wp-json\/wp\/v2\/pages\/4951\/revisions"}],"predecessor-version":[{"id":8801,"href":"https:\/\/kbmediacorp.ca\/fr\/wp-json\/wp\/v2\/pages\/4951\/revisions\/8801"}],"wp:attachment":[{"href":"https:\/\/kbmediacorp.ca\/fr\/wp-json\/wp\/v2\/media?parent=4951"}],"curies":[{"name":"wp","href":"https:\/\/api.w.org\/{rel}","templated":true}]}}