{"id":4953,"date":"2021-04-30T12:54:56","date_gmt":"2021-04-30T16:54:56","guid":{"rendered":"https:\/\/kbmediacorp.ca\/?page_id=4953"},"modified":"2025-10-15T10:48:51","modified_gmt":"2025-10-15T14:48:51","slug":"articles-promotionnels-et-vetements","status":"publish","type":"page","link":"https:\/\/kbmediacorp.ca\/fr\/articles-promotionnels-et-vetements\/","title":{"rendered":"Articles promotionnels et v\u00eatements"},"content":{"rendered":"<div id=\"cs-content\" class=\"cs-content\"><\/div>\n","protected":false},"excerpt":{"rendered":"Notre \u00e9ventail Articles promotionnels et v\u00eatements Mettez-le en \u00e9vidence, donnez-le, tenez-le, portez-le et tous seront conquis. View All PrevNextChoisir les bons articles We provided them with a revitalized and rejuvenated visual identity that became the centrepiece of their new signs and website.La promotion n&rsquo;est pas tout : d&rsquo;abord et avant tout, il s&rsquo;agit de choisir les articles qui conviennent, ceux &#8230; <div><a href=\"https:\/\/kbmediacorp.ca\/fr\/articles-promotionnels-et-vetements\/\" class=\"more-link\">Read More<\/a><\/div>","protected":false},"author":1,"featured_media":0,"parent":0,"menu_order":8,"comment_status":"closed","ping_status":"closed","template":"template-blank-4.php","meta":{"_acf_changed":false,"_seopress_robots_primary_cat":"","_seopress_titles_title":"Articles promotionnels Ottawa | KB Media Corp","_seopress_titles_desc":"Vous cherchez des articles promotionnels de haute qualit\u00e9 \u00e0 Ottawa ? D\u00e9couvrez la gamme de v\u00eatements personnalisables de KB Media ! Boostez votre marque  aujourd&#039;hui.","_seopress_robots_index":"","footnotes":""},"class_list":["post-4953","page","type-page","status-publish","hentry","no-post-thumbnail"],"acf":[],"_links":{"self":[{"href":"https:\/\/kbmediacorp.ca\/fr\/wp-json\/wp\/v2\/pages\/4953","targetHints":{"allow":["GET"]}}],"collection":[{"href":"https:\/\/kbmediacorp.ca\/fr\/wp-json\/wp\/v2\/pages"}],"about":[{"href":"https:\/\/kbmediacorp.ca\/fr\/wp-json\/wp\/v2\/types\/page"}],"author":[{"embeddable":true,"href":"https:\/\/kbmediacorp.ca\/fr\/wp-json\/wp\/v2\/users\/1"}],"replies":[{"embeddable":true,"href":"https:\/\/kbmediacorp.ca\/fr\/wp-json\/wp\/v2\/comments?post=4953"}],"version-history":[{"count":10,"href":"https:\/\/kbmediacorp.ca\/fr\/wp-json\/wp\/v2\/pages\/4953\/revisions"}],"predecessor-version":[{"id":9408,"href":"https:\/\/kbmediacorp.ca\/fr\/wp-json\/wp\/v2\/pages\/4953\/revisions\/9408"}],"wp:attachment":[{"href":"https:\/\/kbmediacorp.ca\/fr\/wp-json\/wp\/v2\/media?parent=4953"}],"curies":[{"name":"wp","href":"https:\/\/api.w.org\/{rel}","templated":true}]}}