{"id":5021,"date":"2020-10-28T14:24:48","date_gmt":"2020-10-28T18:24:48","guid":{"rendered":"https:\/\/kbmediacorp.ca\/work\/"},"modified":"2024-04-15T12:46:08","modified_gmt":"2024-04-15T16:46:08","slug":"nos-realisations","status":"publish","type":"page","link":"https:\/\/kbmediacorp.ca\/fr\/nos-realisations\/","title":{"rendered":"Nos r\u00e9alisations"},"content":{"rendered":"<div id=\"cs-content\" class=\"cs-content\"><\/div>\n","protected":false},"excerpt":{"rendered":"Nos r\u00e9alisations Ce que nous avons fait Explorez certains de nos derniers projets What we&rsquo;ve been up to. What we&rsquo;ve been up to. Our Work toutes les cat\u00e9gories de portefeuilleArticles promotionnels et v\u00eatements(9)Communication et cr\u00e9ation de contenu textuel(6)Image de marque et conception(10)Marketing num\u00e9rique(6)Multim\u00e9dia et graphiques anim\u00e9s(5)Panneaux et habillage de v\u00e9hicules(12)Produits imprim\u00e9s(11)Sites Web(10) Pour la communaut\u00e9, par la communaut\u00e9. Embrun COOP &#8230; <div><a href=\"https:\/\/kbmediacorp.ca\/fr\/projets\/riverfront-retirement-centre\/\" class=\"more-link\">Read More<\/a><\/div>","protected":false},"author":1,"featured_media":0,"parent":0,"menu_order":2,"comment_status":"closed","ping_status":"closed","template":"template-blank-4.php","meta":{"_acf_changed":false,"_seopress_robots_primary_cat":"","_seopress_titles_title":"Nos r\u00e9alisations | KB Media Corp Ottawa","_seopress_titles_desc":"Explorez nos projets pour vous inspirer. Utilisez nos travaux pour d\u00e9couvrir quelle solution marketing accomode votre entreprise.","_seopress_robots_index":"","footnotes":""},"class_list":["post-5021","page","type-page","status-publish","hentry","x-portfolio-a1028c9299871b24123d4fece8c90e62","x-portfolio-2af5ed8dcf6716fceb8bf6c7bcb2b4a6","x-portfolio-7a30ad188c4e98a4712e5454bc860b45","x-portfolio-ea76eedaf64a33fbb898271fe4a7accb","x-portfolio-c019b5029db730be55764ca1ab559323","no-post-thumbnail"],"acf":[],"_links":{"self":[{"href":"https:\/\/kbmediacorp.ca\/fr\/wp-json\/wp\/v2\/pages\/5021","targetHints":{"allow":["GET"]}}],"collection":[{"href":"https:\/\/kbmediacorp.ca\/fr\/wp-json\/wp\/v2\/pages"}],"about":[{"href":"https:\/\/kbmediacorp.ca\/fr\/wp-json\/wp\/v2\/types\/page"}],"author":[{"embeddable":true,"href":"https:\/\/kbmediacorp.ca\/fr\/wp-json\/wp\/v2\/users\/1"}],"replies":[{"embeddable":true,"href":"https:\/\/kbmediacorp.ca\/fr\/wp-json\/wp\/v2\/comments?post=5021"}],"version-history":[{"count":9,"href":"https:\/\/kbmediacorp.ca\/fr\/wp-json\/wp\/v2\/pages\/5021\/revisions"}],"predecessor-version":[{"id":6717,"href":"https:\/\/kbmediacorp.ca\/fr\/wp-json\/wp\/v2\/pages\/5021\/revisions\/6717"}],"wp:attachment":[{"href":"https:\/\/kbmediacorp.ca\/fr\/wp-json\/wp\/v2\/media?parent=5021"}],"curies":[{"name":"wp","href":"https:\/\/api.w.org\/{rel}","templated":true}]}}