{"id":5467,"date":"2020-10-30T09:34:23","date_gmt":"2020-10-30T13:34:23","guid":{"rendered":"https:\/\/kbmediacorp.ca\/policies\/"},"modified":"2026-03-04T06:37:26","modified_gmt":"2026-03-04T11:37:26","slug":"politiques","status":"publish","type":"page","link":"https:\/\/kbmediacorp.ca\/fr\/politiques\/","title":{"rendered":"Politiques"},"content":{"rendered":"<div id=\"cs-content\" class=\"cs-content\"><\/div>\n","protected":false},"excerpt":{"rendered":"Politiques View All PrevNextWe provided them with a revitalized and rejuvenated visual identity that became the centrepiece of their new signs and website.&#x25b8;Politique de confidentialit\u00e9 Politique de confidentialit\u00e9 Cette politique de confidentialit\u00e9 d\u00e9crit comment les renseignements personnels que vous pouvez fournir par l\u2019entremise du site Web kbmedia.ca et n\u2019importe quel autre produit ou service connexe sont recueillis, prot\u00e9g\u00e9s et utilis\u00e9s. &#8230; <div><a href=\"https:\/\/kbmediacorp.ca\/fr\/politiques\/\" class=\"more-link\">Read More<\/a><\/div>","protected":false},"author":1,"featured_media":0,"parent":0,"menu_order":15,"comment_status":"closed","ping_status":"closed","template":"template-blank-4.php","meta":{"_acf_changed":false,"_seopress_robots_primary_cat":"","_seopress_titles_title":"Politiques | KB Media Corp Ottawa","_seopress_titles_desc":"Cette politique de confidentialit\u00e9 d\u00e9crit comment les renseignements personnels que vous pouvez fournir par l\u2019entremise du site Web kbmedia.ca.","_seopress_robots_index":"","footnotes":""},"class_list":["post-5467","page","type-page","status-publish","hentry","no-post-thumbnail"],"acf":[],"_links":{"self":[{"href":"https:\/\/kbmediacorp.ca\/fr\/wp-json\/wp\/v2\/pages\/5467","targetHints":{"allow":["GET"]}}],"collection":[{"href":"https:\/\/kbmediacorp.ca\/fr\/wp-json\/wp\/v2\/pages"}],"about":[{"href":"https:\/\/kbmediacorp.ca\/fr\/wp-json\/wp\/v2\/types\/page"}],"author":[{"embeddable":true,"href":"https:\/\/kbmediacorp.ca\/fr\/wp-json\/wp\/v2\/users\/1"}],"replies":[{"embeddable":true,"href":"https:\/\/kbmediacorp.ca\/fr\/wp-json\/wp\/v2\/comments?post=5467"}],"version-history":[{"count":22,"href":"https:\/\/kbmediacorp.ca\/fr\/wp-json\/wp\/v2\/pages\/5467\/revisions"}],"predecessor-version":[{"id":9643,"href":"https:\/\/kbmediacorp.ca\/fr\/wp-json\/wp\/v2\/pages\/5467\/revisions\/9643"}],"wp:attachment":[{"href":"https:\/\/kbmediacorp.ca\/fr\/wp-json\/wp\/v2\/media?parent=5467"}],"curies":[{"name":"wp","href":"https:\/\/api.w.org\/{rel}","templated":true}]}}