{"id":57,"date":"2020-10-28T14:20:34","date_gmt":"2020-10-28T18:20:34","guid":{"rendered":"https:\/\/kbmediacorp.ca\/?page_id=57"},"modified":"2026-03-13T18:22:24","modified_gmt":"2026-03-13T22:22:24","slug":"home","status":"publish","type":"page","link":"https:\/\/kbmediacorp.ca\/fr\/","title":{"rendered":"HOME"},"content":{"rendered":"<div id=\"cs-content\" class=\"cs-content\"><\/div>\n","protected":false},"excerpt":{"rendered":"L\u2019exp\u00e9rience quintessentielle. KB Media est votre agence de confiance en mati\u00e8re d\u2019\u00e9tablissement, de propulsion et de rayonnement de votre image de marque. Nous vous confions fi\u00e8rement une \u00e9quipe d\u2019experts tout au long du processus pr\u00e9cis\u00e9ment jalonn\u00e9 qui donne lieu au d\u00e9ploiement de votre image de marque pour nous assurer que vous soyez reconnu plus efficacement, plus significativement et plus authentiquement &#8230; <div><a href=\"https:\/\/kbmediacorp.ca\/fr\/\" class=\"more-link\">Read More<\/a><\/div>","protected":false},"author":1,"featured_media":0,"parent":0,"menu_order":0,"comment_status":"closed","ping_status":"closed","template":"template-blank-4.php","meta":{"_acf_changed":false,"_seopress_robots_primary_cat":"","_seopress_titles_title":"Agence de marketing web \u00e0 Ottawa | KB Media Corp","_seopress_titles_desc":"Une agence cr\u00e9ative et de marketing web \u00e0 Ottawa qui aide les entreprises \u00e0 rayonner. Nos services comprennent l&#039;habillage de v\u00e9hicules,  panneaux publicitaires, sites Web et plus .","_seopress_robots_index":"","footnotes":""},"class_list":["post-57","page","type-page","status-publish","hentry","no-post-thumbnail"],"acf":[],"_links":{"self":[{"href":"https:\/\/kbmediacorp.ca\/fr\/wp-json\/wp\/v2\/pages\/57","targetHints":{"allow":["GET"]}}],"collection":[{"href":"https:\/\/kbmediacorp.ca\/fr\/wp-json\/wp\/v2\/pages"}],"about":[{"href":"https:\/\/kbmediacorp.ca\/fr\/wp-json\/wp\/v2\/types\/page"}],"author":[{"embeddable":true,"href":"https:\/\/kbmediacorp.ca\/fr\/wp-json\/wp\/v2\/users\/1"}],"replies":[{"embeddable":true,"href":"https:\/\/kbmediacorp.ca\/fr\/wp-json\/wp\/v2\/comments?post=57"}],"version-history":[{"count":32,"href":"https:\/\/kbmediacorp.ca\/fr\/wp-json\/wp\/v2\/pages\/57\/revisions"}],"predecessor-version":[{"id":9687,"href":"https:\/\/kbmediacorp.ca\/fr\/wp-json\/wp\/v2\/pages\/57\/revisions\/9687"}],"wp:attachment":[{"href":"https:\/\/kbmediacorp.ca\/fr\/wp-json\/wp\/v2\/media?parent=57"}],"curies":[{"name":"wp","href":"https:\/\/api.w.org\/{rel}","templated":true}]}}