{"id":6495,"date":"2021-07-30T14:14:27","date_gmt":"2021-07-30T18:14:27","guid":{"rendered":"https:\/\/kbmediacorp.ca\/?page_id=6495"},"modified":"2021-07-30T20:42:45","modified_gmt":"2021-07-31T00:42:45","slug":"soumettre-un-fichier","status":"publish","type":"page","link":"https:\/\/kbmediacorp.ca\/fr\/soumettre-un-fichier\/","title":{"rendered":"Soumettre un fichier"},"content":{"rendered":"<div id=\"cs-content\" class=\"cs-content\"><\/div>\n","protected":false},"excerpt":{"rendered":"Soumettre un fichier Vous avez besoin de nous exp\u00e9dier un ou plusieurs fichiers volumineux ? Aucun probl\u00e8me : utilisez le lien ci-dessous pour nous exp\u00e9dier vos fichiers via WeTransfer.Send files","protected":false},"author":1,"featured_media":0,"parent":0,"menu_order":18,"comment_status":"closed","ping_status":"closed","template":"template-blank-4.php","meta":{"_acf_changed":false,"_seopress_robots_primary_cat":"","_seopress_titles_title":"","_seopress_titles_desc":"","_seopress_robots_index":"","footnotes":""},"class_list":["post-6495","page","type-page","status-publish","hentry","no-post-thumbnail"],"acf":[],"_links":{"self":[{"href":"https:\/\/kbmediacorp.ca\/fr\/wp-json\/wp\/v2\/pages\/6495","targetHints":{"allow":["GET"]}}],"collection":[{"href":"https:\/\/kbmediacorp.ca\/fr\/wp-json\/wp\/v2\/pages"}],"about":[{"href":"https:\/\/kbmediacorp.ca\/fr\/wp-json\/wp\/v2\/types\/page"}],"author":[{"embeddable":true,"href":"https:\/\/kbmediacorp.ca\/fr\/wp-json\/wp\/v2\/users\/1"}],"replies":[{"embeddable":true,"href":"https:\/\/kbmediacorp.ca\/fr\/wp-json\/wp\/v2\/comments?post=6495"}],"version-history":[{"count":2,"href":"https:\/\/kbmediacorp.ca\/fr\/wp-json\/wp\/v2\/pages\/6495\/revisions"}],"predecessor-version":[{"id":6565,"href":"https:\/\/kbmediacorp.ca\/fr\/wp-json\/wp\/v2\/pages\/6495\/revisions\/6565"}],"wp:attachment":[{"href":"https:\/\/kbmediacorp.ca\/fr\/wp-json\/wp\/v2\/media?parent=6495"}],"curies":[{"name":"wp","href":"https:\/\/api.w.org\/{rel}","templated":true}]}}