{"id":6507,"date":"2021-03-16T14:11:45","date_gmt":"2021-03-16T18:11:45","guid":{"rendered":"https:\/\/kbmediacorp.ca\/panneaux-et-habillage-de-vehicules\/residential-real-estate-signage\/"},"modified":"2025-06-02T13:33:18","modified_gmt":"2025-06-02T17:33:18","slug":"enseignes-immobilieres-residentielles","status":"publish","type":"page","link":"https:\/\/kbmediacorp.ca\/fr\/panneaux-et-habillage-de-vehicules\/enseignes-immobilieres-residentielles\/","title":{"rendered":"Enseignes immobili\u00e8res r\u00e9sidentielles"},"content":{"rendered":"<div id=\"cs-content\" class=\"cs-content\"><\/div>\n","protected":false},"excerpt":{"rendered":"Notre \u00e9ventail Enseignes immobili\u00e8res r\u00e9sidentielles Forfaits de signalisation personnalis\u00e9s et fabriqu\u00e9s sur commande. Vous cherchez des enseignes immobili&egrave;res commerciales ?View All PrevNextNous nous consacrons \u00e0 la cr\u00e9ation de la signalisation immobili\u00e8re r\u00e9sidentielle parfaite pour vous ou votre agence immobili\u00e8re. Notre \u00e9quipe travaille avec vous \u00e0 tout moment pour s&rsquo;assurer que vos besoins en mati\u00e8re de signalisation immobili\u00e8re r\u00e9sidentielle sont satisfaits. &#8230; <div><a href=\"https:\/\/kbmediacorp.ca\/fr\/panneaux-et-habillage-de-vehicules\/enseignes-immobilieres-residentielles\/\" class=\"more-link\">Read More<\/a><\/div>","protected":false},"author":1,"featured_media":5633,"parent":4949,"menu_order":3,"comment_status":"closed","ping_status":"closed","template":"template-blank-4.php","meta":{"_acf_changed":false,"_seopress_robots_primary_cat":"","_seopress_titles_title":"Enseignes immobili\u00e8res r\u00e9sidentielles Ottawa | KB Media Corp","_seopress_titles_desc":"Vous cherchez des enseignes immobili\u00e8res de haute qualit\u00e9 pour votre propri\u00e9t\u00e9 r\u00e9sidentielle \u00e0 Ottawa ? Consultez nos superbes enseignes !","_seopress_robots_index":"","footnotes":""},"class_list":["post-6507","page","type-page","status-publish","has-post-thumbnail","hentry"],"acf":[],"_links":{"self":[{"href":"https:\/\/kbmediacorp.ca\/fr\/wp-json\/wp\/v2\/pages\/6507","targetHints":{"allow":["GET"]}}],"collection":[{"href":"https:\/\/kbmediacorp.ca\/fr\/wp-json\/wp\/v2\/pages"}],"about":[{"href":"https:\/\/kbmediacorp.ca\/fr\/wp-json\/wp\/v2\/types\/page"}],"author":[{"embeddable":true,"href":"https:\/\/kbmediacorp.ca\/fr\/wp-json\/wp\/v2\/users\/1"}],"replies":[{"embeddable":true,"href":"https:\/\/kbmediacorp.ca\/fr\/wp-json\/wp\/v2\/comments?post=6507"}],"version-history":[{"count":19,"href":"https:\/\/kbmediacorp.ca\/fr\/wp-json\/wp\/v2\/pages\/6507\/revisions"}],"predecessor-version":[{"id":9066,"href":"https:\/\/kbmediacorp.ca\/fr\/wp-json\/wp\/v2\/pages\/6507\/revisions\/9066"}],"up":[{"embeddable":true,"href":"https:\/\/kbmediacorp.ca\/fr\/wp-json\/wp\/v2\/pages\/4949"}],"wp:featuredmedia":[{"embeddable":true,"href":"https:\/\/kbmediacorp.ca\/fr\/wp-json\/wp\/v2\/media\/5633"}],"wp:attachment":[{"href":"https:\/\/kbmediacorp.ca\/fr\/wp-json\/wp\/v2\/media?parent=6507"}],"curies":[{"name":"wp","href":"https:\/\/api.w.org\/{rel}","templated":true}]}}