{"id":6539,"date":"2021-03-16T14:11:17","date_gmt":"2021-03-16T18:11:17","guid":{"rendered":"https:\/\/kbmediacorp.ca\/panneaux-et-habillage-de-vehicules\/commercial-real-estate-signage\/"},"modified":"2025-06-02T15:56:38","modified_gmt":"2025-06-02T19:56:38","slug":"enseignes-immobilieres-commerciales","status":"publish","type":"page","link":"https:\/\/kbmediacorp.ca\/fr\/panneaux-et-habillage-de-vehicules\/enseignes-immobilieres-commerciales\/","title":{"rendered":"Enseignes immobili\u00e8res commerciales"},"content":{"rendered":"<div id=\"cs-content\" class=\"cs-content\"><\/div>\n","protected":false},"excerpt":{"rendered":"Notre \u00e9ventail Enseignes immobili\u00e8res commerciales Forfaits de signalisation personnalis\u00e9s et fabriqu\u00e9s sur commande. Vous cherchez des ENSEIGNES IMMOBILI&Egrave;RES R&Eacute;SIDENTIELLES ?View All PrevNextNous nous engageons \u00e0 cr\u00e9er une signal\u00e9tique immobili\u00e8re commerciale distinctive pour vos annonces. Notre \u00e9quipe veillera \u00e0 ce que les normes de l&rsquo;agence et vos besoins en mati\u00e8re de signalisation immobili\u00e8re commerciale soient respect\u00e9s. Qu&rsquo;il s&rsquo;agisse d&rsquo;une question de &#8230; <div><a href=\"https:\/\/kbmediacorp.ca\/fr\/panneaux-et-habillage-de-vehicules\/enseignes-immobilieres-commerciales\/\" class=\"more-link\">Read More<\/a><\/div>","protected":false},"author":1,"featured_media":5643,"parent":4949,"menu_order":0,"comment_status":"closed","ping_status":"closed","template":"template-blank-4.php","meta":{"_acf_changed":false,"_seopress_robots_primary_cat":"","_seopress_titles_title":"Panneaux immobilier commercial Ottawa | KB Media Corp","_seopress_titles_desc":"Vous cherchez des enseignes immobili\u00e8res de haute qualit\u00e9 pour votre propri\u00e9t\u00e9 commerciale \u00e0 Ottawa ? Consultez les solutions commerciale de KB Media. ","_seopress_robots_index":"","footnotes":""},"class_list":["post-6539","page","type-page","status-publish","has-post-thumbnail","hentry"],"acf":[],"_links":{"self":[{"href":"https:\/\/kbmediacorp.ca\/fr\/wp-json\/wp\/v2\/pages\/6539","targetHints":{"allow":["GET"]}}],"collection":[{"href":"https:\/\/kbmediacorp.ca\/fr\/wp-json\/wp\/v2\/pages"}],"about":[{"href":"https:\/\/kbmediacorp.ca\/fr\/wp-json\/wp\/v2\/types\/page"}],"author":[{"embeddable":true,"href":"https:\/\/kbmediacorp.ca\/fr\/wp-json\/wp\/v2\/users\/1"}],"replies":[{"embeddable":true,"href":"https:\/\/kbmediacorp.ca\/fr\/wp-json\/wp\/v2\/comments?post=6539"}],"version-history":[{"count":32,"href":"https:\/\/kbmediacorp.ca\/fr\/wp-json\/wp\/v2\/pages\/6539\/revisions"}],"predecessor-version":[{"id":9069,"href":"https:\/\/kbmediacorp.ca\/fr\/wp-json\/wp\/v2\/pages\/6539\/revisions\/9069"}],"up":[{"embeddable":true,"href":"https:\/\/kbmediacorp.ca\/fr\/wp-json\/wp\/v2\/pages\/4949"}],"wp:featuredmedia":[{"embeddable":true,"href":"https:\/\/kbmediacorp.ca\/fr\/wp-json\/wp\/v2\/media\/5643"}],"wp:attachment":[{"href":"https:\/\/kbmediacorp.ca\/fr\/wp-json\/wp\/v2\/media?parent=6539"}],"curies":[{"name":"wp","href":"https:\/\/api.w.org\/{rel}","templated":true}]}}