{"id":6574,"date":"2020-10-30T09:34:49","date_gmt":"2020-10-30T13:34:49","guid":{"rendered":"https:\/\/kbmediacorp.ca\/faq-glossary\/"},"modified":"2023-11-22T13:19:02","modified_gmt":"2023-11-22T18:19:02","slug":"foire-aux-questions-glossaire","status":"publish","type":"page","link":"https:\/\/kbmediacorp.ca\/fr\/foire-aux-questions-glossaire\/","title":{"rendered":"Foire aux questions et glossaire"},"content":{"rendered":"<div id=\"cs-content\" class=\"cs-content\"><\/div>\n","protected":false},"excerpt":{"rendered":"Foire aux questions et glossaire View All PrevNextFoire aux questions (FAQ) We provided them with a revitalized and rejuvenated visual identity that became the centrepiece of their new signs and website.Vous ne trouvez pas la r\u00e9ponse \u00e0 votre question ci-dessous ? Veuillez communiquer avec nous! &#x25b8;Quand le travail commencera-t-il quant \u00e0 la r\u00e9alisation de mon projet ?Une approbation \u00e9crite du &#8230; <div><a href=\"https:\/\/kbmediacorp.ca\/fr\/foire-aux-questions-glossaire\/\" class=\"more-link\">Read More<\/a><\/div>","protected":false},"author":1,"featured_media":0,"parent":0,"menu_order":16,"comment_status":"closed","ping_status":"closed","template":"template-blank-4.php","meta":{"_acf_changed":false,"_seopress_robots_primary_cat":"","_seopress_titles_title":"","_seopress_titles_desc":"","_seopress_robots_index":"","footnotes":""},"class_list":["post-6574","page","type-page","status-publish","hentry","no-post-thumbnail"],"acf":[],"_links":{"self":[{"href":"https:\/\/kbmediacorp.ca\/fr\/wp-json\/wp\/v2\/pages\/6574","targetHints":{"allow":["GET"]}}],"collection":[{"href":"https:\/\/kbmediacorp.ca\/fr\/wp-json\/wp\/v2\/pages"}],"about":[{"href":"https:\/\/kbmediacorp.ca\/fr\/wp-json\/wp\/v2\/types\/page"}],"author":[{"embeddable":true,"href":"https:\/\/kbmediacorp.ca\/fr\/wp-json\/wp\/v2\/users\/1"}],"replies":[{"embeddable":true,"href":"https:\/\/kbmediacorp.ca\/fr\/wp-json\/wp\/v2\/comments?post=6574"}],"version-history":[{"count":6,"href":"https:\/\/kbmediacorp.ca\/fr\/wp-json\/wp\/v2\/pages\/6574\/revisions"}],"predecessor-version":[{"id":8535,"href":"https:\/\/kbmediacorp.ca\/fr\/wp-json\/wp\/v2\/pages\/6574\/revisions\/8535"}],"wp:attachment":[{"href":"https:\/\/kbmediacorp.ca\/fr\/wp-json\/wp\/v2\/media?parent=6574"}],"curies":[{"name":"wp","href":"https:\/\/api.w.org\/{rel}","templated":true}]}}