{"id":66,"date":"2020-10-28T14:41:37","date_gmt":"2020-10-28T18:41:37","guid":{"rendered":"https:\/\/kbmediacorp.ca\/?page_id=66"},"modified":"2023-06-30T11:29:43","modified_gmt":"2023-06-30T15:29:43","slug":"votre-devis","status":"publish","type":"page","link":"https:\/\/kbmediacorp.ca\/fr\/votre-devis\/","title":{"rendered":"Votre devis"},"content":{"rendered":"<div id=\"cs-content\" class=\"cs-content\"><\/div>\n","protected":false},"excerpt":{"rendered":"Votre devis Vous avez besoin d\u2019un devis pour votre prochain projet de production ou vous \u00eates \u00e0 la recherche d\u2019une nouvelle firme pour r\u00e9aliser vos initiatives de marque et de marketing ? View All PrevNextNotre \u00e9quipe d\u2019experts \u00e9valuera votre demande, vous prodiguera des conseils et vous offrira des s\u00e9ances de consultation afin que vous puissiez prendre une d\u00e9cision \u00e9clair\u00e9e. Nom* &#8230; <div><a href=\"https:\/\/kbmediacorp.ca\/fr\/votre-devis\/\" class=\"more-link\">Read More<\/a><\/div>","protected":false},"author":1,"featured_media":741,"parent":0,"menu_order":13,"comment_status":"closed","ping_status":"closed","template":"template-blank-4.php","meta":{"_acf_changed":false,"_seopress_robots_primary_cat":"","_seopress_titles_title":"Commencez votre devis | KB Media Corp","_seopress_titles_desc":"Obtenez un devis rapide et facile pour vos besoins en marketing avec KB Media. Notre \u00e9quipe offre des services de haute qualit\u00e9 adapt\u00e9s \u00e0 votre entreprise. ","_seopress_robots_index":"","footnotes":""},"class_list":["post-66","page","type-page","status-publish","has-post-thumbnail","hentry"],"acf":[],"_links":{"self":[{"href":"https:\/\/kbmediacorp.ca\/fr\/wp-json\/wp\/v2\/pages\/66","targetHints":{"allow":["GET"]}}],"collection":[{"href":"https:\/\/kbmediacorp.ca\/fr\/wp-json\/wp\/v2\/pages"}],"about":[{"href":"https:\/\/kbmediacorp.ca\/fr\/wp-json\/wp\/v2\/types\/page"}],"author":[{"embeddable":true,"href":"https:\/\/kbmediacorp.ca\/fr\/wp-json\/wp\/v2\/users\/1"}],"replies":[{"embeddable":true,"href":"https:\/\/kbmediacorp.ca\/fr\/wp-json\/wp\/v2\/comments?post=66"}],"version-history":[{"count":6,"href":"https:\/\/kbmediacorp.ca\/fr\/wp-json\/wp\/v2\/pages\/66\/revisions"}],"predecessor-version":[{"id":8181,"href":"https:\/\/kbmediacorp.ca\/fr\/wp-json\/wp\/v2\/pages\/66\/revisions\/8181"}],"wp:featuredmedia":[{"embeddable":true,"href":"https:\/\/kbmediacorp.ca\/fr\/wp-json\/wp\/v2\/media\/741"}],"wp:attachment":[{"href":"https:\/\/kbmediacorp.ca\/fr\/wp-json\/wp\/v2\/media?parent=66"}],"curies":[{"name":"wp","href":"https:\/\/api.w.org\/{rel}","templated":true}]}}