{"id":6663,"date":"2020-10-28T14:21:55","date_gmt":"2020-10-28T18:21:55","guid":{"rendered":"https:\/\/kbmediacorp.ca\/career-opportunities\/"},"modified":"2023-08-28T03:47:59","modified_gmt":"2023-08-28T07:47:59","slug":"opportunites-de-carriere","status":"publish","type":"page","link":"https:\/\/kbmediacorp.ca\/fr\/opportunites-de-carriere\/","title":{"rendered":"Opportunit\u00e9s de carri\u00e8re"},"content":{"rendered":"<div id=\"cs-content\" class=\"cs-content\"><\/div>\n","protected":false},"excerpt":{"rendered":"Opportunit\u00e9s de carri\u00e8re Sp\u00e9cialiste en marketing num\u00e9rique Description du poste Nous recherchons un(e) sp\u00e9cialiste du marketing num\u00e9rique exp\u00e9riment\u00e9(e) et ax\u00e9 sur les donn\u00e9es pour rejoindre notre agence&hellip; Il n&rsquo;y a aucun poste disponible qui serait id\u00e9al pour vous, mais vous pensez avoir ce qu&rsquo;il faut pour faire partie de notre \u00e9quipe ? Nous aimerions faire votre connaissance. Envoyez-nous un PDF &#8230; <div><a href=\"https:\/\/kbmediacorp.ca\/fr\/opportunites-de-carriere\/\" class=\"more-link\">Read More<\/a><\/div>","protected":false},"author":1,"featured_media":0,"parent":0,"menu_order":19,"comment_status":"closed","ping_status":"closed","template":"template-blank-4.php","meta":{"_acf_changed":false,"_seopress_robots_primary_cat":"","_seopress_titles_title":"Opportunit\u00e9s de carri\u00e8re | KB Media","_seopress_titles_desc":"D\u00e9couvrez les opportunit\u00e9s de carri\u00e8re chez KB Media. Rejoignez notre \u00e9quipe dynamique et d\u00e9veloppez vos comp\u00e9tences dans un environnement rapide et innovant.","_seopress_robots_index":"","footnotes":""},"class_list":["post-6663","page","type-page","status-publish","hentry","no-post-thumbnail"],"acf":[],"_links":{"self":[{"href":"https:\/\/kbmediacorp.ca\/fr\/wp-json\/wp\/v2\/pages\/6663","targetHints":{"allow":["GET"]}}],"collection":[{"href":"https:\/\/kbmediacorp.ca\/fr\/wp-json\/wp\/v2\/pages"}],"about":[{"href":"https:\/\/kbmediacorp.ca\/fr\/wp-json\/wp\/v2\/types\/page"}],"author":[{"embeddable":true,"href":"https:\/\/kbmediacorp.ca\/fr\/wp-json\/wp\/v2\/users\/1"}],"replies":[{"embeddable":true,"href":"https:\/\/kbmediacorp.ca\/fr\/wp-json\/wp\/v2\/comments?post=6663"}],"version-history":[{"count":4,"href":"https:\/\/kbmediacorp.ca\/fr\/wp-json\/wp\/v2\/pages\/6663\/revisions"}],"predecessor-version":[{"id":8428,"href":"https:\/\/kbmediacorp.ca\/fr\/wp-json\/wp\/v2\/pages\/6663\/revisions\/8428"}],"wp:attachment":[{"href":"https:\/\/kbmediacorp.ca\/fr\/wp-json\/wp\/v2\/media?parent=6663"}],"curies":[{"name":"wp","href":"https:\/\/api.w.org\/{rel}","templated":true}]}}