{"id":6908,"date":"2021-09-24T14:47:49","date_gmt":"2021-09-24T18:47:49","guid":{"rendered":"https:\/\/kbmediacorp.ca\/panneaux-et-habillage-de-vehicules\/mobile-rental-signs\/"},"modified":"2025-08-12T13:30:44","modified_gmt":"2025-08-12T17:30:44","slug":"location-denseignes-mobiles","status":"publish","type":"page","link":"https:\/\/kbmediacorp.ca\/fr\/panneaux-et-habillage-de-vehicules\/location-denseignes-mobiles\/","title":{"rendered":"Location d\u2019enseignes mobiles"},"content":{"rendered":"<div id=\"cs-content\" class=\"cs-content\"><\/div>\n","protected":false},"excerpt":{"rendered":"Notre \u00e9ventail Location d\u2019enseignes mobiles Soyez adaptables et polyvalents : Misez sur la mobilit\u00e9. View All PrevNextKB Classique D\u00e9finit la norme, jour et nuit 9 $ \/ jour Le panneau d&rsquo;affichage mobile \u00e9prouv\u00e9 avec une valeur ajout\u00e9e. Ces enseignes comportent non seulement un panneau recto-verso en pleine couleur, mais elles sont \u00e9galement compl\u00e8tement r\u00e9fl\u00e9chissantes \u00e0 la lumi\u00e8re gr\u00e2ce \u00e0 la &#8230; <div><a href=\"https:\/\/kbmediacorp.ca\/fr\/panneaux-et-habillage-de-vehicules\/location-denseignes-mobiles\/\" class=\"more-link\">Read More<\/a><\/div>","protected":false},"author":1,"featured_media":0,"parent":4949,"menu_order":2,"comment_status":"closed","ping_status":"closed","template":"template-blank-4.php","meta":{"_acf_changed":false,"_seopress_robots_primary_cat":"","_seopress_titles_title":"Enseignes mobiles de location Ottawa | KB Media Corp","_seopress_titles_desc":"Vous cherchez \u00e0 promouvoir votre entreprise ? KB Media offre des services de location d&#039;enseignes mobiles \u00e0 Ottawa. Atteignez plus de clients.","_seopress_robots_index":"","footnotes":""},"class_list":["post-6908","page","type-page","status-publish","hentry","no-post-thumbnail"],"acf":[],"_links":{"self":[{"href":"https:\/\/kbmediacorp.ca\/fr\/wp-json\/wp\/v2\/pages\/6908","targetHints":{"allow":["GET"]}}],"collection":[{"href":"https:\/\/kbmediacorp.ca\/fr\/wp-json\/wp\/v2\/pages"}],"about":[{"href":"https:\/\/kbmediacorp.ca\/fr\/wp-json\/wp\/v2\/types\/page"}],"author":[{"embeddable":true,"href":"https:\/\/kbmediacorp.ca\/fr\/wp-json\/wp\/v2\/users\/1"}],"replies":[{"embeddable":true,"href":"https:\/\/kbmediacorp.ca\/fr\/wp-json\/wp\/v2\/comments?post=6908"}],"version-history":[{"count":29,"href":"https:\/\/kbmediacorp.ca\/fr\/wp-json\/wp\/v2\/pages\/6908\/revisions"}],"predecessor-version":[{"id":9264,"href":"https:\/\/kbmediacorp.ca\/fr\/wp-json\/wp\/v2\/pages\/6908\/revisions\/9264"}],"up":[{"embeddable":true,"href":"https:\/\/kbmediacorp.ca\/fr\/wp-json\/wp\/v2\/pages\/4949"}],"wp:attachment":[{"href":"https:\/\/kbmediacorp.ca\/fr\/wp-json\/wp\/v2\/media?parent=6908"}],"curies":[{"name":"wp","href":"https:\/\/api.w.org\/{rel}","templated":true}]}}