{"id":7144,"date":"2022-01-17T14:03:01","date_gmt":"2022-01-17T19:03:01","guid":{"rendered":"https:\/\/kbmediacorp.ca\/?page_id=7144"},"modified":"2025-02-28T12:38:32","modified_gmt":"2025-02-28T17:38:32","slug":"habillage-wrap-mural","status":"publish","type":"page","link":"https:\/\/kbmediacorp.ca\/fr\/panneaux-et-habillage-de-vehicules\/habillage-wrap-mural\/","title":{"rendered":"HABILLAGE (WRAP) MURAL"},"content":{"rendered":"<div id=\"cs-content\" class=\"cs-content\"><\/div>\n","protected":false},"excerpt":{"rendered":"Notre \u00e9ventail Habillage (wrap) mural Votre canevas : donnez vie \u00e0 votre marque. View All PrevNextHABILLAGE MURALE PARTIELLE Des solutions cr\u00e9atives pour tous les budgets Commence \u00e01,275 $ L&rsquo;art de couvrir votre espace mural de mani\u00e8re cr\u00e9ative ne s&rsquo;arr\u00eate pas aux impressions compl\u00e8tes : l&rsquo;habillage partiel est une alternative fantastique qui offre aux entreprises des visuels attirants avec un petit &#8230; <div><a href=\"https:\/\/kbmediacorp.ca\/fr\/panneaux-et-habillage-de-vehicules\/habillage-wrap-mural\/\" class=\"more-link\">Read More<\/a><\/div>","protected":false},"author":1,"featured_media":0,"parent":4949,"menu_order":1,"comment_status":"closed","ping_status":"closed","template":"template-blank-4.php","meta":{"_acf_changed":false,"_seopress_robots_primary_cat":"","_seopress_titles_title":"Habillage mural Ottawa | KB Media Corp","_seopress_titles_desc":"Transformez votre espace avec de superbes habillages muraux \u00e0 Ottawa. Les experts en signalisation de KB Media offrent des solutions personnalis\u00e9es aux entreprises.","_seopress_robots_index":"","footnotes":""},"class_list":["post-7144","page","type-page","status-publish","hentry","no-post-thumbnail"],"acf":[],"_links":{"self":[{"href":"https:\/\/kbmediacorp.ca\/fr\/wp-json\/wp\/v2\/pages\/7144","targetHints":{"allow":["GET"]}}],"collection":[{"href":"https:\/\/kbmediacorp.ca\/fr\/wp-json\/wp\/v2\/pages"}],"about":[{"href":"https:\/\/kbmediacorp.ca\/fr\/wp-json\/wp\/v2\/types\/page"}],"author":[{"embeddable":true,"href":"https:\/\/kbmediacorp.ca\/fr\/wp-json\/wp\/v2\/users\/1"}],"replies":[{"embeddable":true,"href":"https:\/\/kbmediacorp.ca\/fr\/wp-json\/wp\/v2\/comments?post=7144"}],"version-history":[{"count":19,"href":"https:\/\/kbmediacorp.ca\/fr\/wp-json\/wp\/v2\/pages\/7144\/revisions"}],"predecessor-version":[{"id":9014,"href":"https:\/\/kbmediacorp.ca\/fr\/wp-json\/wp\/v2\/pages\/7144\/revisions\/9014"}],"up":[{"embeddable":true,"href":"https:\/\/kbmediacorp.ca\/fr\/wp-json\/wp\/v2\/pages\/4949"}],"wp:attachment":[{"href":"https:\/\/kbmediacorp.ca\/fr\/wp-json\/wp\/v2\/media?parent=7144"}],"curies":[{"name":"wp","href":"https:\/\/api.w.org\/{rel}","templated":true}]}}