{"id":72,"date":"2020-10-28T14:43:54","date_gmt":"2020-10-28T18:43:54","guid":{"rendered":"https:\/\/kbmediacorp.ca\/?page_id=72"},"modified":"2026-04-10T16:33:15","modified_gmt":"2026-04-10T20:33:15","slug":"qui-nous-sommes","status":"publish","type":"page","link":"https:\/\/kbmediacorp.ca\/fr\/qui-nous-sommes\/","title":{"rendered":"Qui nous sommes"},"content":{"rendered":"<div id=\"cs-content\" class=\"cs-content\"><\/div>\n","protected":false},"excerpt":{"rendered":"Qui nous sommes Votre image de marque, notre marque de commerce. Notre approche Votre image de marque vous d\u00e9finit et englobe tout ce \u00e0 quoi vous aspirez. Nous en concevrons l\u2019essence m\u00eame par le biais d\u2019une cr\u00e9ation qui traduit aussi pr\u00e9cis\u00e9ment, profond\u00e9ment et vivement que possible votre pr\u00e9sence, votre charisme et votre panache. De l\u00e0, nous vous prodiguons des conseils &#8230; <div><a href=\"https:\/\/kbmediacorp.ca\/fr\/qui-nous-sommes\/\" class=\"more-link\">Read More<\/a><\/div>","protected":false},"author":1,"featured_media":0,"parent":0,"menu_order":11,"comment_status":"closed","ping_status":"closed","template":"template-blank-4.php","meta":{"_acf_changed":false,"_seopress_robots_primary_cat":"","_seopress_titles_title":"Qui nous sommes | KB Media Corp","_seopress_titles_desc":"D\u00e9couvrez comment l&#039;\u00e9quipe de KB Media peut vous aider \u00e0 atteindre vos objectifs de marketing. Obtenez des solutions  et des strat\u00e9gies personnalis\u00e9es d\u00e8s aujourd&#039;hui.","_seopress_robots_index":"","footnotes":""},"class_list":["post-72","page","type-page","status-publish","hentry","no-post-thumbnail"],"acf":[],"_links":{"self":[{"href":"https:\/\/kbmediacorp.ca\/fr\/wp-json\/wp\/v2\/pages\/72","targetHints":{"allow":["GET"]}}],"collection":[{"href":"https:\/\/kbmediacorp.ca\/fr\/wp-json\/wp\/v2\/pages"}],"about":[{"href":"https:\/\/kbmediacorp.ca\/fr\/wp-json\/wp\/v2\/types\/page"}],"author":[{"embeddable":true,"href":"https:\/\/kbmediacorp.ca\/fr\/wp-json\/wp\/v2\/users\/1"}],"replies":[{"embeddable":true,"href":"https:\/\/kbmediacorp.ca\/fr\/wp-json\/wp\/v2\/comments?post=72"}],"version-history":[{"count":113,"href":"https:\/\/kbmediacorp.ca\/fr\/wp-json\/wp\/v2\/pages\/72\/revisions"}],"predecessor-version":[{"id":9736,"href":"https:\/\/kbmediacorp.ca\/fr\/wp-json\/wp\/v2\/pages\/72\/revisions\/9736"}],"wp:attachment":[{"href":"https:\/\/kbmediacorp.ca\/fr\/wp-json\/wp\/v2\/media?parent=72"}],"curies":[{"name":"wp","href":"https:\/\/api.w.org\/{rel}","templated":true}]}}