{"id":7741,"date":"2022-01-12T12:57:55","date_gmt":"2022-01-12T17:57:06","guid":{"rendered":"https:\/\/kbmediacorp.ca\/sandbox\/"},"modified":"2025-02-27T17:43:25","modified_gmt":"2025-02-27T22:43:25","slug":"habillage-des-vehicules","status":"publish","type":"page","link":"https:\/\/kbmediacorp.ca\/fr\/panneaux-et-habillage-de-vehicules\/habillage-des-vehicules\/","title":{"rendered":"L\u2019habillage des v\u00e9hicules"},"content":{"rendered":"<div id=\"cs-content\" class=\"cs-content\"><\/div>\n","protected":false},"excerpt":{"rendered":"NOTRE \u00c9VENTAIL L\u2019habillage des v\u00e9hicules Votre marque sur des roues. We provided them with a revitalized and rejuvenated visual identity that became the centrepiece of their new signs and website.Starting at $5,000 We provided them with a revitalized and rejuvenated visual identity that became the centrepiece of their new signs and website.D\u00c9CALQUES Les d\u00e9calques habillent subtilement les v\u00e9hicules, mais v\u00e9hiculent &#8230; <div><a href=\"https:\/\/kbmediacorp.ca\/fr\/panneaux-et-habillage-de-vehicules\/habillage-des-vehicules\/\" class=\"more-link\">Read More<\/a><\/div>","protected":false},"author":1,"featured_media":7616,"parent":4949,"menu_order":4,"comment_status":"closed","ping_status":"closed","template":"template-blank-4.php","meta":{"_acf_changed":false,"_seopress_robots_primary_cat":"","_seopress_titles_title":"Habillage de v\u00e9hicule  Ottawa | KB Media Corp","_seopress_titles_desc":"Obtenez des panneaux et des habillages de v\u00e9hicules personnalis\u00e9s \u00e0 Ottawa. Transformez votre v\u00e9hicule en \u0153uvre d&#039;art avec des mat\u00e9riaux qualit\u00e9 et \u00e0 un service expert. ","_seopress_robots_index":"","footnotes":""},"class_list":["post-7741","page","type-page","status-publish","has-post-thumbnail","hentry"],"acf":[],"_links":{"self":[{"href":"https:\/\/kbmediacorp.ca\/fr\/wp-json\/wp\/v2\/pages\/7741","targetHints":{"allow":["GET"]}}],"collection":[{"href":"https:\/\/kbmediacorp.ca\/fr\/wp-json\/wp\/v2\/pages"}],"about":[{"href":"https:\/\/kbmediacorp.ca\/fr\/wp-json\/wp\/v2\/types\/page"}],"author":[{"embeddable":true,"href":"https:\/\/kbmediacorp.ca\/fr\/wp-json\/wp\/v2\/users\/1"}],"replies":[{"embeddable":true,"href":"https:\/\/kbmediacorp.ca\/fr\/wp-json\/wp\/v2\/comments?post=7741"}],"version-history":[{"count":20,"href":"https:\/\/kbmediacorp.ca\/fr\/wp-json\/wp\/v2\/pages\/7741\/revisions"}],"predecessor-version":[{"id":9009,"href":"https:\/\/kbmediacorp.ca\/fr\/wp-json\/wp\/v2\/pages\/7741\/revisions\/9009"}],"up":[{"embeddable":true,"href":"https:\/\/kbmediacorp.ca\/fr\/wp-json\/wp\/v2\/pages\/4949"}],"wp:featuredmedia":[{"embeddable":true,"href":"https:\/\/kbmediacorp.ca\/fr\/wp-json\/wp\/v2\/media\/7616"}],"wp:attachment":[{"href":"https:\/\/kbmediacorp.ca\/fr\/wp-json\/wp\/v2\/media?parent=7741"}],"curies":[{"name":"wp","href":"https:\/\/api.w.org\/{rel}","templated":true}]}}