{"id":8519,"date":"2023-11-21T09:28:55","date_gmt":"2023-11-21T14:28:26","guid":{"rendered":"https:\/\/kbmediacorp.ca\/wordpress-hosting-plans-french\/"},"modified":"2024-07-23T12:04:59","modified_gmt":"2024-07-23T16:04:59","slug":"forfaits-de-maintenance-wordpress","status":"publish","type":"page","link":"https:\/\/kbmediacorp.ca\/fr\/forfaits-de-maintenance-wordpress\/","title":{"rendered":"Forfaits de maintenance WordPress"},"content":{"rendered":"<div id=\"cs-content\" class=\"cs-content\"><\/div>\n","protected":false},"excerpt":{"rendered":"NOTRE \u00c9VENTAIL Forfaits de maintenance WordPress D\u00e9couvrez notre gamme de forfaits de maintenance WordPress Ai-je besoin d&rsquo;un plan de maintenance de mon site web ? Votre site web est le premier point de contact pour les personnes qui cherchent \u00e0 en savoir plus sur votre entreprise, ses offres et la mani\u00e8re de vous contacter. Il est essentiel de veiller \u00e0 &#8230; <div><a href=\"https:\/\/kbmediacorp.ca\/fr\/forfaits-de-maintenance-wordpress\/\" class=\"more-link\">Read More<\/a><\/div>","protected":false},"author":1,"featured_media":0,"parent":0,"menu_order":0,"comment_status":"closed","ping_status":"closed","template":"template-blank-4.php","meta":{"_acf_changed":false,"_seopress_robots_primary_cat":"","_seopress_titles_title":"","_seopress_titles_desc":"","_seopress_robots_index":"","footnotes":""},"class_list":["post-8519","page","type-page","status-publish","hentry","no-post-thumbnail"],"acf":[],"_links":{"self":[{"href":"https:\/\/kbmediacorp.ca\/fr\/wp-json\/wp\/v2\/pages\/8519","targetHints":{"allow":["GET"]}}],"collection":[{"href":"https:\/\/kbmediacorp.ca\/fr\/wp-json\/wp\/v2\/pages"}],"about":[{"href":"https:\/\/kbmediacorp.ca\/fr\/wp-json\/wp\/v2\/types\/page"}],"author":[{"embeddable":true,"href":"https:\/\/kbmediacorp.ca\/fr\/wp-json\/wp\/v2\/users\/1"}],"replies":[{"embeddable":true,"href":"https:\/\/kbmediacorp.ca\/fr\/wp-json\/wp\/v2\/comments?post=8519"}],"version-history":[{"count":13,"href":"https:\/\/kbmediacorp.ca\/fr\/wp-json\/wp\/v2\/pages\/8519\/revisions"}],"predecessor-version":[{"id":8753,"href":"https:\/\/kbmediacorp.ca\/fr\/wp-json\/wp\/v2\/pages\/8519\/revisions\/8753"}],"wp:attachment":[{"href":"https:\/\/kbmediacorp.ca\/fr\/wp-json\/wp\/v2\/media?parent=8519"}],"curies":[{"name":"wp","href":"https:\/\/api.w.org\/{rel}","templated":true}]}}