{"id":95,"date":"2020-10-30T09:52:55","date_gmt":"2020-10-30T13:52:55","guid":{"rendered":"https:\/\/kbmediacorp.ca\/?page_id=95"},"modified":"2023-06-30T11:28:56","modified_gmt":"2023-06-30T15:28:56","slug":"blogue","status":"publish","type":"page","link":"https:\/\/kbmediacorp.ca\/fr\/blogue\/","title":{"rendered":"Blogue"},"content":{"rendered":"<div id=\"cs-content\" class=\"cs-content\"><\/div>\n","protected":false},"excerpt":{"rendered":"Blogue Mener une campagne \u00e9lectorale qui r\u00e9ussit en 2026 Comment KB Media vous aide \u00e0 remporter les \u00e9lections municipales en Ontario \u00c0 l&rsquo;approche des \u00e9lections municipales de 2026 en&hellip;Pourquoi le choix d&rsquo;un partenaire local de d\u00e9veloppement web est plus important que jamais Dans l&rsquo;\u00e9conomie num\u00e9rique d&rsquo;aujourd&rsquo;hui, presque toutes les organisations &#8211; qu&rsquo;il s&rsquo;agisse d&rsquo;une petite entreprise, d&rsquo;une municipalit\u00e9 ou d&rsquo;une &#8230; <div><a href=\"https:\/\/kbmediacorp.ca\/fr\/blogue\/\" class=\"more-link\">Read More<\/a><\/div>","protected":false},"author":1,"featured_media":0,"parent":0,"menu_order":12,"comment_status":"closed","ping_status":"closed","template":"template-blank-4.php","meta":{"_acf_changed":false,"_seopress_robots_primary_cat":"","_seopress_titles_title":"Notre dernier blogue | KB Media Corp","_seopress_titles_desc":"D\u00e9couvrez les derni\u00e8res tendances, conseils et id\u00e9es en marketing num\u00e9rique gr\u00e2ce au blogue de KB Media. Restez \u00e0 l&#039;avance du jeu gr\u00e2ce \u00e0 nos conseils d&#039;experts.","_seopress_robots_index":"","footnotes":""},"class_list":["post-95","page","type-page","status-publish","hentry","no-post-thumbnail"],"acf":[],"_links":{"self":[{"href":"https:\/\/kbmediacorp.ca\/fr\/wp-json\/wp\/v2\/pages\/95","targetHints":{"allow":["GET"]}}],"collection":[{"href":"https:\/\/kbmediacorp.ca\/fr\/wp-json\/wp\/v2\/pages"}],"about":[{"href":"https:\/\/kbmediacorp.ca\/fr\/wp-json\/wp\/v2\/types\/page"}],"author":[{"embeddable":true,"href":"https:\/\/kbmediacorp.ca\/fr\/wp-json\/wp\/v2\/users\/1"}],"replies":[{"embeddable":true,"href":"https:\/\/kbmediacorp.ca\/fr\/wp-json\/wp\/v2\/comments?post=95"}],"version-history":[{"count":3,"href":"https:\/\/kbmediacorp.ca\/fr\/wp-json\/wp\/v2\/pages\/95\/revisions"}],"predecessor-version":[{"id":8291,"href":"https:\/\/kbmediacorp.ca\/fr\/wp-json\/wp\/v2\/pages\/95\/revisions\/8291"}],"wp:attachment":[{"href":"https:\/\/kbmediacorp.ca\/fr\/wp-json\/wp\/v2\/media?parent=95"}],"curies":[{"name":"wp","href":"https:\/\/api.w.org\/{rel}","templated":true}]}}