{"id":98,"date":"2020-10-30T09:53:41","date_gmt":"2020-10-30T13:53:41","guid":{"rendered":"https:\/\/kbmediacorp.ca\/?page_id=98"},"modified":"2025-10-15T10:35:25","modified_gmt":"2025-10-15T14:35:25","slug":"contactez-nous","status":"publish","type":"page","link":"https:\/\/kbmediacorp.ca\/fr\/contactez-nous\/","title":{"rendered":"Communiquez avec nous"},"content":{"rendered":"<div id=\"cs-content\" class=\"cs-content\"><\/div>\n","protected":false},"excerpt":{"rendered":"Communiquez avec nous Casselman &#8211; Si\u00e8ge social 1073 Mont\u00e9e Beno\u00eet, Casselman ON K0A 1M0 T\u00e9l\u00e9phone: 613-764-7446 Courriel: sales@kbmedia.ca Heures d\u2019ouverture: Du lundi au vendredi de 8 h 30 \u00e0 16 h 30 *Vendredi \u2013 Ferm\u00e9 \u00e0 partir de 12 h 30 \u00e0 13 h 30 Commencez votre projet aujourd&rsquo;hui OBTENEZ UN DEVIS GRATUITBureau d\u2019Ottawa 343 Rue Preston 11i\u00e8me \u00e9tage, Ottawa &#8230; <div><a href=\"https:\/\/kbmediacorp.ca\/fr\/contactez-nous\/\" class=\"more-link\">Read More<\/a><\/div>","protected":false},"author":1,"featured_media":0,"parent":0,"menu_order":14,"comment_status":"closed","ping_status":"closed","template":"template-blank-4.php","meta":{"_acf_changed":false,"_seopress_robots_primary_cat":"","_seopress_titles_title":"Contactez KB Media Corp au (613)-764-7446","_seopress_titles_desc":"Contactez KB Media au 613-764-7446 pour tous vos besoins en marketing num\u00e9rique. Laissez-nous aider votre entreprise \u00e0 r\u00e9ussir en ligne. Prenez contact avec nous !","_seopress_robots_index":"","footnotes":""},"class_list":["post-98","page","type-page","status-publish","hentry","no-post-thumbnail"],"acf":[],"_links":{"self":[{"href":"https:\/\/kbmediacorp.ca\/fr\/wp-json\/wp\/v2\/pages\/98","targetHints":{"allow":["GET"]}}],"collection":[{"href":"https:\/\/kbmediacorp.ca\/fr\/wp-json\/wp\/v2\/pages"}],"about":[{"href":"https:\/\/kbmediacorp.ca\/fr\/wp-json\/wp\/v2\/types\/page"}],"author":[{"embeddable":true,"href":"https:\/\/kbmediacorp.ca\/fr\/wp-json\/wp\/v2\/users\/1"}],"replies":[{"embeddable":true,"href":"https:\/\/kbmediacorp.ca\/fr\/wp-json\/wp\/v2\/comments?post=98"}],"version-history":[{"count":9,"href":"https:\/\/kbmediacorp.ca\/fr\/wp-json\/wp\/v2\/pages\/98\/revisions"}],"predecessor-version":[{"id":8683,"href":"https:\/\/kbmediacorp.ca\/fr\/wp-json\/wp\/v2\/pages\/98\/revisions\/8683"}],"wp:attachment":[{"href":"https:\/\/kbmediacorp.ca\/fr\/wp-json\/wp\/v2\/media?parent=98"}],"curies":[{"name":"wp","href":"https:\/\/api.w.org\/{rel}","templated":true}]}}